{"id":695,"date":"2025-01-21T10:21:37","date_gmt":"2025-01-21T10:21:37","guid":{"rendered":"https:\/\/eurefloresto.org\/?page_id=695"},"modified":"2025-01-21T10:21:37","modified_gmt":"2025-01-21T10:21:37","slug":"ongs-parceiras","status":"publish","type":"page","link":"https:\/\/eurefloresto.org\/index.php\/ongs-parceiras\/","title":{"rendered":"ONGS Parceiras"},"content":{"rendered":"\n<p>ONGs Brasileiras:<\/p>\n\n\n\n<p>1. Funda\u00e7\u00e3o SOS Mata Atl\u00e2ntica: Dedica-se \u00e0 conserva\u00e7\u00e3o e restaura\u00e7\u00e3o da Mata Atl\u00e2ntica.<\/p>\n\n\n\n<p>2. Instituto Socioambiental (ISA): Trabalha na defesa de direitos socioambientais e na preserva\u00e7\u00e3o de ecossistemas.<\/p>\n\n\n\n<p>3. Instituto Terra: Focado na recupera\u00e7\u00e3o ambiental e reflorestamento da Mata Atl\u00e2ntica.<\/p>\n\n\n\n<p>4. Instituto de Pesquisas Ecol\u00f3gicas (IP\u00ca): Atua na conserva\u00e7\u00e3o da biodiversidade e em projetos de reflorestamento.<\/p>\n\n\n\n<p>5. Iniciativa Verde: Promove a restaura\u00e7\u00e3o florestal e o desenvolvimento rural sustent\u00e1vel.<\/p>\n\n\n\n<p>6. Associa\u00e7\u00e3o Ambientalista Copa\u00edba: Trabalha na restaura\u00e7\u00e3o da vegeta\u00e7\u00e3o nativa e educa\u00e7\u00e3o ambiental.<\/p>\n\n\n\n<p>7. SOS Amaz\u00f4nia: Focada na conserva\u00e7\u00e3o da biodiversidade e reflorestamento na Amaz\u00f4nia.<\/p>\n\n\n\n<p>8. Instituto de Pesquisa Ambiental da Amaz\u00f4nia (IPAM): Desenvolve solu\u00e7\u00f5es sustent\u00e1veis para a Amaz\u00f4nia, incluindo reflorestamento.<\/p>\n\n\n\n<p>9. Associa\u00e7\u00e3o de Preserva\u00e7\u00e3o do Meio Ambiente e da Vida (Apremavi): Atua na restaura\u00e7\u00e3o florestal e conserva\u00e7\u00e3o da biodiversidade.<\/p>\n\n\n\n<p>10. Instituto Floresta Viva: Promove a recupera\u00e7\u00e3o de \u00e1reas degradadas e conserva\u00e7\u00e3o da Mata Atl\u00e2ntica.<\/p>\n\n\n\n<p>11. Associa\u00e7\u00e3o Mico-Le\u00e3o-Dourado: Trabalha na conserva\u00e7\u00e3o do mico-le\u00e3o-dourado e na restaura\u00e7\u00e3o de seu habitat.<\/p>\n\n\n\n<p>12. Instituto Au\u00e1: Focado em projetos de reflorestamento e agroflorestais.<\/p>\n\n\n\n<p>13. Instituto de Conserva\u00e7\u00e3o e Desenvolvimento Sustent\u00e1vel da Amaz\u00f4nia (Idesam): Promove o desenvolvimento sustent\u00e1vel e reflorestamento na Amaz\u00f4nia.<\/p>\n\n\n\n<p>14. Associa\u00e7\u00e3o Floresta Protegida: Atua na prote\u00e7\u00e3o e recupera\u00e7\u00e3o de florestas nativas.<\/p>\n\n\n\n<p>15. Instituto Arapya\u00fa: Apoia iniciativas de restaura\u00e7\u00e3o florestal e desenvolvimento sustent\u00e1vel.<\/p>\n\n\n\n<p>16. Instituto de Manejo e Certifica\u00e7\u00e3o Florestal e Agr\u00edcola (Imaflora): Trabalha na conserva\u00e7\u00e3o ambiental e uso sustent\u00e1vel da terra.<\/p>\n\n\n\n<p>17. Associa\u00e7\u00e3o Rede de Sementes do Xingu: Promove a coleta de sementes nativas para projetos de reflorestamento.<\/p>\n\n\n\n<p>18. Instituto Socioambiental da Bacia do Alto Paraguai (SOS Pantanal): Atua na conserva\u00e7\u00e3o e recupera\u00e7\u00e3o do Pantanal.<\/p>\n\n\n\n<p>19. Associa\u00e7\u00e3o Caatinga: Focada na conserva\u00e7\u00e3o e restaura\u00e7\u00e3o da Caatinga.<\/p>\n\n\n\n<p>20. Instituto de Desenvolvimento Sustent\u00e1vel Mamirau\u00e1: Trabalha na conserva\u00e7\u00e3o da Amaz\u00f4nia e em projetos de reflorestamento.<\/p>\n\n\n\n<p>21. Associa\u00e7\u00e3o Mata Ciliar: Dedica-se \u00e0 recupera\u00e7\u00e3o de matas ciliares e conserva\u00e7\u00e3o da fauna.<\/p>\n\n\n\n<p>22. Instituto Ecofuturo: Promove a conserva\u00e7\u00e3o ambiental e projetos de reflorestamento.<\/p>\n\n\n\n<p>23. Associa\u00e7\u00e3o Ambientalista Onda Verde: Atua na educa\u00e7\u00e3o ambiental e recupera\u00e7\u00e3o de \u00e1reas degradadas.<\/p>\n\n\n\n<p>24. Instituto de Pesquisas da Amaz\u00f4nia (INPA): Desenvolve pesquisas e projetos de conserva\u00e7\u00e3o e reflorestamento.<\/p>\n\n\n\n<p>25. Associa\u00e7\u00e3o Ecol\u00f3gica Canind\u00e9: Focada na preserva\u00e7\u00e3o ambiental e reflorestamento no Nordeste.<\/p>\n\n\n\n<p>26. Instituto de Desenvolvimento Sustent\u00e1vel e Conserva\u00e7\u00e3o da Biodiversidade (Idescbio): Atua na conserva\u00e7\u00e3o e recupera\u00e7\u00e3o de ecossistemas.<\/p>\n\n\n\n<p>27. Associa\u00e7\u00e3o de Defesa do Meio Ambiente de Arauc\u00e1ria (AMAR): Trabalha na prote\u00e7\u00e3o e recupera\u00e7\u00e3o de florestas com arauc\u00e1rias.<\/p>\n\n\n\n<p>28. Instituto de Conserva\u00e7\u00e3o Ambiental The Nature Conservancy Brasil (TNC Brasil): Desenvolve projetos de conserva\u00e7\u00e3o e reflorestamento em diversas regi\u00f5es do pa\u00eds.<\/p>\n\n\n\n<p>29. Associa\u00e7\u00e3o Movimento Mecenas da Vida: Promove a restaura\u00e7\u00e3o florestal e conserva\u00e7\u00e3o da biodiversidade.<\/p>\n\n\n\n<p>30. Instituto de Pesquisas Jardim Bot\u00e2nico do Rio de Janeiro: Realiza projetos de conserva\u00e7\u00e3o e reflorestamento de esp\u00e9cies nativas.<\/p>\n\n\n\n<p>ONGs Internacionais:<\/p>\n\n\n\n<p>1. Eden Reforestation Projects: Trabalha com comunidades locais para restaurar florestas em grande escala.<\/p>\n\n\n\n<p>2. Trees for the Future: Focada em projetos de agrofloresta\u00e7\u00e3o para melhorar a subsist\u00eancia de comunidades rurais.<\/p>\n\n\n\n<p>3. Plant-for-the-Planet: Iniciativa global liderada por jovens para plantar \u00e1rvores e combater a crise clim\u00e1tica.<\/p>\n\n\n\n<p>4. WeForest: Colabora com empresas e comunidades para implementar projetos de reflorestamento.<\/p>\n\n\n\n<p>5. Tree Aid: Trabalha na \u00c1frica para ajudar comunidades a plantar e proteger \u00e1rvores.<\/p>\n\n\n\n<p>6. International Tree Foundation: Apoia projetos de reflorestamento em pa\u00edses da \u00c1frica e no Reino Unido.<\/p>\n\n\n\n<p>7. Trees for Cities: Focada no plantio de \u00e1rvores em \u00e1reas urbanas ao redor do mundo.<\/p>\n\n\n\n<p>8. One Tree Planted: Organiza\u00e7\u00e3o global que facilita o plantio de \u00e1rvores atrav\u00e9s de doa\u00e7\u00f5es.<\/p>\n\n\n\n<p>9. The Green Belt Movement: Fundada pela Pr\u00eamio Nobel Wangari Maathai, promove o plantio de \u00e1rvores no Qu\u00eania.<\/p>\n\n\n\n<p>10. Conservation International: Trabalha globalmente para proteger florestas<\/p>\n\n\n\n<p><\/p>\n","protected":false},"excerpt":{"rendered":"<p>ONGs Brasileiras: 1. Funda\u00e7\u00e3o SOS Mata Atl\u00e2ntica: Dedica-se \u00e0 conserva\u00e7\u00e3o e restaura\u00e7\u00e3o da Mata Atl\u00e2ntica. 2. Instituto Socioambiental (ISA): Trabalha na defesa de direitos socioambientais e na preserva\u00e7\u00e3o de ecossistemas. 3. Instituto Terra: Focado na recupera\u00e7\u00e3o ambiental e reflorestamento da Mata Atl\u00e2ntica. 4. Instituto de Pesquisas Ecol\u00f3gicas (IP\u00ca): Atua na conserva\u00e7\u00e3o da biodiversidade e em&#8230;<\/p>\n","protected":false},"author":1,"featured_media":0,"parent":0,"menu_order":0,"comment_status":"closed","ping_status":"closed","template":"","meta":{"_kadence_starter_templates_imported_post":false,"_kad_post_transparent":"","_kad_post_title":"","_kad_post_layout":"","_kad_post_sidebar_id":"","_kad_post_content_style":"","_kad_post_vertical_padding":"","_kad_post_feature":"","_kad_post_feature_position":"","_kad_post_header":false,"_kad_post_footer":false,"footnotes":""},"class_list":["post-695","page","type-page","status-publish","hentry"],"_links":{"self":[{"href":"https:\/\/eurefloresto.org\/index.php\/wp-json\/wp\/v2\/pages\/695","targetHints":{"allow":["GET"]}}],"collection":[{"href":"https:\/\/eurefloresto.org\/index.php\/wp-json\/wp\/v2\/pages"}],"about":[{"href":"https:\/\/eurefloresto.org\/index.php\/wp-json\/wp\/v2\/types\/page"}],"author":[{"embeddable":true,"href":"https:\/\/eurefloresto.org\/index.php\/wp-json\/wp\/v2\/users\/1"}],"replies":[{"embeddable":true,"href":"https:\/\/eurefloresto.org\/index.php\/wp-json\/wp\/v2\/comments?post=695"}],"version-history":[{"count":1,"href":"https:\/\/eurefloresto.org\/index.php\/wp-json\/wp\/v2\/pages\/695\/revisions"}],"predecessor-version":[{"id":697,"href":"https:\/\/eurefloresto.org\/index.php\/wp-json\/wp\/v2\/pages\/695\/revisions\/697"}],"wp:attachment":[{"href":"https:\/\/eurefloresto.org\/index.php\/wp-json\/wp\/v2\/media?parent=695"}],"curies":[{"name":"wp","href":"https:\/\/api.w.org\/{rel}","templated":true}]}}