{"id":69,"date":"2024-03-21T11:58:43","date_gmt":"2024-03-21T11:58:43","guid":{"rendered":"https:\/\/eurefloresto.org\/?page_id=69"},"modified":"2024-03-25T01:33:54","modified_gmt":"2024-03-25T01:33:54","slug":"69-2","status":"publish","type":"page","link":"https:\/\/eurefloresto.org\/index.php\/69-2\/","title":{"rendered":"Doe \u00e1rvores"},"content":{"rendered":"\n<h4 class=\"wp-block-heading\"><strong>O que \u00e9 e como doar?<\/strong><\/h4>\n\n\n\n<p>\u200b<\/p>\n\n\n\n<p>O Eu Refloresto \u00e9 uma iniciativa desenvolvida pelo Selo Eu Refloresto  para promover o plantio de \u00e1rvores visando a restaura\u00e7\u00e3o ecol\u00f3gica em \u00e1reas desmatadas no Bioma Mata Atl\u00e2ntica, Cerrado, Caatinga, Amaz\u00f4nia, Pampas, Pantanal e outra partes do mundo.<\/p>\n\n\n\n<p>\u200b<\/p>\n\n\n\n<p>Esse trabalho \u00e9 inteiramente viabilizado a partir de&nbsp;<strong>doa\u00e7\u00f5es de pessoas e empresas<\/strong>. Os projetos s\u00e3o executados em \u00e1reas degradadas e sens\u00edveis. Estas \u00e1reas est\u00e3o localizadas prioritariamente em im\u00f3veis rurais de agricultores familiares participantes, \u00e1reas do governo e propriedades ind\u00edgenas. <\/p>\n\n\n\n<p>\u200b\u200b<\/p>\n\n\n\n<h4 class=\"wp-block-heading\"><strong>Qual o valor da doa\u00e7\u00e3o e quantas \u00e1rvores ser\u00e3o plantadas ?<\/strong><\/h4>\n\n\n\n<p>\u200b<\/p>\n\n\n\n<p>O valor m\u00ednimo da doa\u00e7\u00e3o \u00e9 R$ 25,00. Este valor corresponde ao plantio de 1 \u00e1rvore, ou seja, a cada R$ 25,00 doados, uma nova \u00e1rvore ser\u00e1 plantada. Lembrando sempre que, al\u00e9m do plantio, os cuidados e o monitoramento se estender\u00e3o por um per\u00edodo de, pelo menos, 36 meses, assegurando assim a sua efetividade.&nbsp;<\/p>\n\n\n\n<p>\u200b<\/p>\n\n\n\n<p>As \u00e1rvores resultantes de uma a\u00e7\u00e3o de doa\u00e7\u00e3o poder\u00e3o gerar um \u00fanico projeto de plantio, ou poder\u00e3o ser reunidas a outras doa\u00e7\u00f5es para compor um projeto de plantio \u201ccoletivo\u201d. Em ambos os casos, haver\u00e1 registro e comprova\u00e7\u00e3o distinta para cada doa\u00e7\u00e3o realizada.<\/p>\n\n\n\n<p>\u200b<\/p>\n\n\n\n<h4 class=\"wp-block-heading\"><strong>Como o trabalho \u00e9 feito?<\/strong><\/h4>\n\n\n\n<p>\u200b<\/p>\n\n\n\n<p>O Eu Refloresto realiza continuamente o cadastramento e a sele\u00e7\u00e3o de pequenos e m\u00e9dios agricultores que anseiam\u00a0 pela recupera\u00e7\u00e3o ambiental em suas propriedades, mas que n\u00e3o disp\u00f5em dos recursos financeiros e t\u00e9cnicos suficientes para por em pr\u00e1tica esses projetos.\u00a0<\/p>\n\n\n\n<p>\u200b<\/p>\n\n\n\n<p>Na medida em que doa\u00e7\u00f5es s\u00e3o arrecadadas, o Eu Refloresto desenvolve todo o processo de assist\u00eancia aos agricultores participantes. Isso envolve a produ\u00e7\u00e3o e doa\u00e7\u00e3o de mudas nativas, elabora\u00e7\u00e3o do projeto, implanta\u00e7\u00e3o e manuten\u00e7\u00e3o do plantio, al\u00e9m do seu monitoramento por 36 meses, com elabora\u00e7\u00e3o de relat\u00f3rios peri\u00f3dicos.<\/p>\n\n\n\n<p>\u200b<\/p>\n\n\n\n<p>Os projetos est\u00e3o localizados na regi\u00e3o de atua\u00e7\u00e3o do Selo Eu Refloresto, um projeto de n\u00edvel Global.<\/p>\n\n\n\n<p><strong>\u200b<\/strong><\/p>\n\n\n\n<h4 class=\"wp-block-heading\"><strong>Como os plantios s\u00e3o comprovados?<\/strong><\/h4>\n\n\n\n<p>\u200b<\/p>\n\n\n\n<p>O Ecoogle Brasil mant\u00e9m um processo de documenta\u00e7\u00e3o e registro de todas as etapas de realiza\u00e7\u00e3o dos projetos.<\/p>\n\n\n\n<p>\u200b<\/p>\n\n\n\n<p>Os doadores recebem informa\u00e7\u00f5es sobre a implanta\u00e7\u00e3o e monitoramento, dados t\u00e9cnicos do projeto, mapa de localiza\u00e7\u00e3o e imagens. Essas informa\u00e7\u00f5es tamb\u00e9m ficam dispon\u00edveis neste site.<\/p>\n\n\n\n<p>\u200b<\/p>\n\n\n\n<p>\u200b<\/p>\n\n\n\n<p>\u200b<\/p>\n\n\n\n<h4 class=\"wp-block-heading\"><strong>Como participar?<\/strong><\/h4>\n\n\n\n<p>\u200b<\/p>\n\n\n\n<p>\u200b<\/p>\n\n\n\n<p>A doa\u00e7\u00e3o ao Amigos da Mata poder\u00e1 ser realizada a partir das seguintes modalidades:<\/p>\n\n\n\n<p><br>&#8211;&nbsp;<strong>\u00danica:<\/strong>&nbsp;Trata-se de uma doa\u00e7\u00e3o \u00fanica e espec\u00edfica. Neste caso, o doador estabelece o valor que ser\u00e1 destinado ao plantio, mas sem o compromisso de recorr\u00eancia ou continuidade nesta doa\u00e7\u00e3o.<\/p>\n\n\n\n<p>\u200b<\/p>\n\n\n\n<p>\u00c9 bastante comum que pessoas e empresas optem por esta modalidade para, por exemplo, celebrar algum feito, homenagear alguma pessoa, efetivar a compensa\u00e7\u00e3o volunt\u00e1ria de emiss\u00f5es de carbono, etc. &nbsp;<\/p>\n\n\n\n<p>\u200b<\/p>\n\n\n\n<p>&#8211;&nbsp;<strong>Projeto ou Campanha:&nbsp;<\/strong>Nesta modalidade as doa\u00e7\u00f5es s\u00e3o realizadas de uma forma cont\u00ednua e regular. Os valores das doa\u00e7\u00f5es, entretanto, podem ser vari\u00e1veis, pois comumente est\u00e3o atrelados a algum resultado ou crit\u00e9rio definido pelo pr\u00f3prio doador, como por exemplo, vendas de produtos ou servi\u00e7os.<\/p>\n\n\n\n<p>\u200b<\/p>\n\n\n\n<p>Este caso, envolver\u00e1 uma parceria mais ampla, estabelecida sob condi\u00e7\u00f5es espec\u00edficas, acertadas previamente e formalizadas em um Termo de Coopera\u00e7\u00e3o.<\/p>\n\n\n\n<h4 class=\"wp-block-heading\">\u200b<\/h4>\n\n\n\n<p>\u200b\u200b<\/p>\n\n\n\n<h4 class=\"wp-block-heading\"><strong>Seja um(a) doador(a) <\/strong> Eu Refloresto <\/h4>\n\n\n\n<p>\u200b<\/p>\n\n\n\n<p>A sua participa\u00e7\u00e3o \u00e9 muito estimulante e valiosa para n\u00f3s. Juntos poderemos seguir em frente, compartilhando da responsabilidade e esperan\u00e7a de um futuro melhor com mais \u00e1rvores e florestas.<\/p>\n\n\n\n<p>\u200b<\/p>\n\n\n\n<p>Acreditamos tamb\u00e9m, que sua a\u00e7\u00e3o ser\u00e1 valorizada junto \u00e0s pessoas de seu relacionamento, sejam elas, amigos, colaboradores, clientes, fornecedores etc. Sem d\u00favida, isso servir\u00e1 de inspira\u00e7\u00e3o para que muitos outros tamb\u00e9m pratiquem o cuidado com o meio ambiente e as pessoas.<\/p>\n\n\n\n<p>\u200b<\/p>\n\n\n\n<p>Por favor, clique no \u00edcone abaixo para preencher o formul\u00e1rio com os dados da sua doa\u00e7\u00e3o:<\/p>\n\n\n\n<div class=\"wp-block-buttons is-content-justification-center is-layout-flex wp-container-core-buttons-is-layout-1 wp-block-buttons-is-layout-flex\">\n<div class=\"wp-block-button\"><a class=\"wp-block-button__link wp-element-button\" href=\"https:\/\/docs.google.com\/forms\/d\/e\/1FAIpQLScnRjt7TOEESxiMNb-MjrqZI1-TQZFRG0ZBWOm8r7EITmckpQ\/viewform?usp=sf_link\" target=\"_blank\" rel=\"noreferrer noopener\">Doar<\/a><\/div>\n<\/div>\n","protected":false},"excerpt":{"rendered":"<p>O que \u00e9 e como doar? \u200b O Eu Refloresto \u00e9 uma iniciativa desenvolvida pelo Selo Eu Refloresto para promover o plantio de \u00e1rvores visando a restaura\u00e7\u00e3o ecol\u00f3gica em \u00e1reas desmatadas no Bioma Mata Atl\u00e2ntica, Cerrado, Caatinga, Amaz\u00f4nia, Pampas, Pantanal e outra partes do mundo. \u200b Esse trabalho \u00e9 inteiramente viabilizado a partir de&nbsp;doa\u00e7\u00f5es de&#8230;<\/p>\n","protected":false},"author":1,"featured_media":0,"parent":0,"menu_order":0,"comment_status":"closed","ping_status":"closed","template":"","meta":{"_kadence_starter_templates_imported_post":false,"_kad_post_transparent":"","_kad_post_title":"","_kad_post_layout":"","_kad_post_sidebar_id":"","_kad_post_content_style":"","_kad_post_vertical_padding":"","_kad_post_feature":"","_kad_post_feature_position":"","_kad_post_header":false,"_kad_post_footer":false,"footnotes":""},"class_list":["post-69","page","type-page","status-publish","hentry"],"_links":{"self":[{"href":"https:\/\/eurefloresto.org\/index.php\/wp-json\/wp\/v2\/pages\/69","targetHints":{"allow":["GET"]}}],"collection":[{"href":"https:\/\/eurefloresto.org\/index.php\/wp-json\/wp\/v2\/pages"}],"about":[{"href":"https:\/\/eurefloresto.org\/index.php\/wp-json\/wp\/v2\/types\/page"}],"author":[{"embeddable":true,"href":"https:\/\/eurefloresto.org\/index.php\/wp-json\/wp\/v2\/users\/1"}],"replies":[{"embeddable":true,"href":"https:\/\/eurefloresto.org\/index.php\/wp-json\/wp\/v2\/comments?post=69"}],"version-history":[{"count":7,"href":"https:\/\/eurefloresto.org\/index.php\/wp-json\/wp\/v2\/pages\/69\/revisions"}],"predecessor-version":[{"id":104,"href":"https:\/\/eurefloresto.org\/index.php\/wp-json\/wp\/v2\/pages\/69\/revisions\/104"}],"wp:attachment":[{"href":"https:\/\/eurefloresto.org\/index.php\/wp-json\/wp\/v2\/media?parent=69"}],"curies":[{"name":"wp","href":"https:\/\/api.w.org\/{rel}","templated":true}]}}