{"id":131,"date":"2024-07-11T13:04:37","date_gmt":"2024-07-11T13:04:37","guid":{"rendered":"https:\/\/eurefloresto.org\/?page_id=131"},"modified":"2025-08-05T12:50:25","modified_gmt":"2025-08-05T12:50:25","slug":"passeio-com-leitura","status":"publish","type":"page","link":"https:\/\/eurefloresto.org\/index.php\/passeio-com-leitura\/","title":{"rendered":"Passeio com Leitura No Parque"},"content":{"rendered":"\n<p><font style=\"vertical-align: inherit;\"><font style=\"vertical-align: inherit;\">Agora que entra<\/font><\/font>ram<font style=\"vertical-align: inherit;\"><font style=\"vertical-align: inherit;\"> no Parque Ecol\u00f3gico S\u00e3o Carlos o passeio com leitura come\u00e7ou! Espero que tenham passado repelente pois os pernilongos est\u00e3o com muita fome&#8230; Rsrsrs<\/font><\/font><\/p>\n\n\n\n<p><font style=\"vertical-align: inherit;\"><font style=\"vertical-align: inherit;\">Nesse passeio voc\u00eas v\u00e3o viver uma grande aventura e muito aprendizado!<\/font><\/font><\/p>\n\n\n\n<p>Os Animais est\u00e3o esperando voc\u00eas e as Placas tamb\u00e9m&#8230; Se divirtam com os animais, apreciem a beleza deles e leiam tudo sobre eles para no final do passeio responderem  nossa pergunta.<\/p>\n\n\n\n<p><font style=\"vertical-align: inherit;\"><font style=\"vertical-align: inherit;\">O Pr\u00eamio para quem acertar ser\u00e1 um Kit Plantio Jardim Divertido e  Uma Cole\u00e7\u00e3o de Livros Sobre Animais e \u00c1rvores \ud83d\udcda<\/font><\/font><\/p>\n\n\n\n<p><font style=\"vertical-align: inherit;\"><font style=\"vertical-align: inherit;\"><font style=\"vertical-align: inherit;\"><font style=\"vertical-align: inherit;\"><font style=\"vertical-align: inherit;\"><font style=\"vertical-align: inherit;\">Alguns dos muitos Ganhadores do Pr\u00eamio!<\/font><\/font><\/font><\/font><\/font><\/font><font style=\"vertical-align: inherit;\"><font style=\"vertical-align: inherit;\"><font style=\"vertical-align: inherit;\"><font style=\"vertical-align: inherit;\"> Acessem e vejam todos os ganhadores dos \u00faltimos 2 anos<\/font><\/font><\/font><\/font><font style=\"vertical-align: inherit;\"><font style=\"vertical-align: inherit;\"><font style=\"vertical-align: inherit;\"><font style=\"vertical-align: inherit;\">: Instagram.com\/ecooglebrasil<\/font><\/font><\/font><\/font><\/p>\n\n\n\n<figure class=\"wp-block-gallery has-nested-images columns-default is-cropped wp-block-gallery-1 is-layout-flex wp-block-gallery-is-layout-flex\">\n<figure class=\"wp-block-image size-large\"><img loading=\"lazy\" decoding=\"async\" width=\"1024\" height=\"1024\" data-id=\"134\" src=\"https:\/\/eurefloresto.org\/wp-content\/uploads\/2024\/07\/1000045596-1024x1024.jpg\" alt=\"\" class=\"wp-image-134\" srcset=\"https:\/\/eurefloresto.org\/wp-content\/uploads\/2024\/07\/1000045596-1024x1024.jpg 1024w, https:\/\/eurefloresto.org\/wp-content\/uploads\/2024\/07\/1000045596-300x300.jpg 300w, https:\/\/eurefloresto.org\/wp-content\/uploads\/2024\/07\/1000045596-150x150.jpg 150w, https:\/\/eurefloresto.org\/wp-content\/uploads\/2024\/07\/1000045596-768x768.jpg 768w, https:\/\/eurefloresto.org\/wp-content\/uploads\/2024\/07\/1000045596-1536x1536.jpg 1536w, https:\/\/eurefloresto.org\/wp-content\/uploads\/2024\/07\/1000045596-2048x2048.jpg 2048w\" sizes=\"auto, (max-width: 1024px) 100vw, 1024px\" \/><\/figure>\n\n\n\n<figure class=\"wp-block-image size-large\"><img loading=\"lazy\" decoding=\"async\" width=\"1024\" height=\"1024\" data-id=\"135\" src=\"https:\/\/eurefloresto.org\/wp-content\/uploads\/2024\/07\/1000045349-1024x1024.jpg\" alt=\"\" class=\"wp-image-135\" srcset=\"https:\/\/eurefloresto.org\/wp-content\/uploads\/2024\/07\/1000045349-1024x1024.jpg 1024w, https:\/\/eurefloresto.org\/wp-content\/uploads\/2024\/07\/1000045349-300x300.jpg 300w, https:\/\/eurefloresto.org\/wp-content\/uploads\/2024\/07\/1000045349-150x150.jpg 150w, https:\/\/eurefloresto.org\/wp-content\/uploads\/2024\/07\/1000045349-768x768.jpg 768w, https:\/\/eurefloresto.org\/wp-content\/uploads\/2024\/07\/1000045349-1536x1536.jpg 1536w, https:\/\/eurefloresto.org\/wp-content\/uploads\/2024\/07\/1000045349-2048x2048.jpg 2048w\" sizes=\"auto, (max-width: 1024px) 100vw, 1024px\" \/><\/figure>\n\n\n\n<figure class=\"wp-block-image size-large\"><img loading=\"lazy\" decoding=\"async\" width=\"768\" height=\"1024\" data-id=\"830\" src=\"https:\/\/eurefloresto.org\/wp-content\/uploads\/2025\/08\/1000029719-768x1024.jpg\" alt=\"\" class=\"wp-image-830\" srcset=\"https:\/\/eurefloresto.org\/wp-content\/uploads\/2025\/08\/1000029719-768x1024.jpg 768w, https:\/\/eurefloresto.org\/wp-content\/uploads\/2025\/08\/1000029719-225x300.jpg 225w, https:\/\/eurefloresto.org\/wp-content\/uploads\/2025\/08\/1000029719-1152x1536.jpg 1152w, https:\/\/eurefloresto.org\/wp-content\/uploads\/2025\/08\/1000029719-1536x2048.jpg 1536w, https:\/\/eurefloresto.org\/wp-content\/uploads\/2025\/08\/1000029719-scaled.jpg 1920w\" sizes=\"auto, (max-width: 768px) 100vw, 768px\" \/><\/figure>\n<\/figure>\n\n\n\n<p>Regras: <\/p>\n\n\n\n<p>N\u00c3O COLAR<\/p>\n\n\n\n<p>N\u00c3O PESQUISAR<\/p>\n\n\n\n<p>UM PR\u00caMIO POR GRUPO<\/p>\n\n\n\n<p>UMA PERGUNTA POR GRUPO<\/p>\n\n\n\n<p>SE ERRAREM SER\u00c3O CONVIDADOS A ADIQUIRIR CONTRUBUINDO ASSIM COM NOSSAS STARTUPS E COM O PARQUE!<\/p>\n\n\n\n<p>ESSA BRINCADEIRA FOI DESENVOLVIDA POR FELIPE GUILHERME DE LIMA FUNDADOR DAS STARTUPS: <\/p>\n\n\n\n<p>Ecoogle.com.br <\/p>\n\n\n\n<p>Eurefloresto.org<\/p>\n\n\n\n<p><font style=\"vertical-align: inherit;\"><font style=\"vertical-align: inherit;\">T<\/font><\/font>ogethers.com.br<\/p>\n\n\n\n<p><font style=\"vertical-align: inherit;\"><font style=\"vertical-align: inherit;\">EM CADA LUGAR QUE FAZEMOS A BRINCADEIRA NO BRASIL TRAZEMOS BENEFICIOS PARA O LOCAL:<\/font><\/font><\/p>\n\n\n\n<p><font style=\"vertical-align: inherit;\"><font style=\"vertical-align: inherit;\">Aqui no Parque Ecol\u00f3gico S\u00e3o Carlos somos os respons\u00e1veis \u200b\u200bpor <\/font><\/font>Doar:<\/p>\n\n\n\n<p>2900 SACOS DE LIXO DE 200 LITROS REFOR\u00c7ADOS<\/p>\n\n\n\n<p>4 BOIAS DE NAVIO PARA OS ANIMAIS BRINCAREM<\/p>\n\n\n\n<p><font style=\"vertical-align: inherit;\"><font style=\"vertical-align: inherit;\">2 <\/font><\/font>SABONETEIRAS <font style=\"vertical-align: inherit;\"><font style=\"vertical-align: inherit;\">NOVAS PARA OS BANHEIROS<\/font><\/font><\/p>\n\n\n\n<p>1 CAIXA DE ABELHA PARA ABELHAS SEM FERR\u00c3O<\/p>\n\n\n\n<p>75 ADESIVOS IDENTIFICADORES PARA AS LIXEIRAS<\/p>\n\n\n\n<p>1 BOMBA DE \u00c1GUA<\/p>\n\n\n\n<p>1 SERRA TICO TICO<\/p>\n\n\n\n<p>1 MOTO ESMERIL<\/p>\n\n\n\n<p>e muito mais&#8230;. Acompanhe!<\/p>\n\n\n\n<p>\u00c9 pouco perto das necessidades de um parque t\u00e3o grandes, mas todos os respons\u00e1veis pelo parque s\u00e3o eternamente GRATOS pelo pouco que eu junto com voc\u00eas ajudaram estamos conseguindo fazer! <\/p>\n\n\n\n<p>Acesse o link com as notas fiscais logo abaixo:<\/p>\n\n\n\n<p><a href=\"https:\/\/eurefloresto.org\/index.php\/notas-fiscais\/\" data-type=\"page\" data-id=\"148\">NOTAS FISCAIS<\/a><\/p>\n\n\n\n<p><\/p>\n\n\n\n<p><\/p>\n","protected":false},"excerpt":{"rendered":"<p>Agora que entraram no Parque Ecol\u00f3gico S\u00e3o Carlos o passeio com leitura come\u00e7ou! Espero que tenham passado repelente pois os pernilongos est\u00e3o com muita fome&#8230; Rsrsrs Nesse passeio voc\u00eas v\u00e3o viver uma grande aventura e muito aprendizado! Os Animais est\u00e3o esperando voc\u00eas e as Placas tamb\u00e9m&#8230; Se divirtam com os animais, apreciem a beleza deles&#8230;<\/p>\n","protected":false},"author":1,"featured_media":0,"parent":0,"menu_order":0,"comment_status":"closed","ping_status":"closed","template":"","meta":{"_kadence_starter_templates_imported_post":false,"_kad_post_transparent":"","_kad_post_title":"","_kad_post_layout":"","_kad_post_sidebar_id":"","_kad_post_content_style":"","_kad_post_vertical_padding":"","_kad_post_feature":"","_kad_post_feature_position":"","_kad_post_header":false,"_kad_post_footer":false,"footnotes":""},"class_list":["post-131","page","type-page","status-publish","hentry"],"_links":{"self":[{"href":"https:\/\/eurefloresto.org\/index.php\/wp-json\/wp\/v2\/pages\/131","targetHints":{"allow":["GET"]}}],"collection":[{"href":"https:\/\/eurefloresto.org\/index.php\/wp-json\/wp\/v2\/pages"}],"about":[{"href":"https:\/\/eurefloresto.org\/index.php\/wp-json\/wp\/v2\/types\/page"}],"author":[{"embeddable":true,"href":"https:\/\/eurefloresto.org\/index.php\/wp-json\/wp\/v2\/users\/1"}],"replies":[{"embeddable":true,"href":"https:\/\/eurefloresto.org\/index.php\/wp-json\/wp\/v2\/comments?post=131"}],"version-history":[{"count":20,"href":"https:\/\/eurefloresto.org\/index.php\/wp-json\/wp\/v2\/pages\/131\/revisions"}],"predecessor-version":[{"id":834,"href":"https:\/\/eurefloresto.org\/index.php\/wp-json\/wp\/v2\/pages\/131\/revisions\/834"}],"wp:attachment":[{"href":"https:\/\/eurefloresto.org\/index.php\/wp-json\/wp\/v2\/media?parent=131"}],"curies":[{"name":"wp","href":"https:\/\/api.w.org\/{rel}","templated":true}]}}